{"id":6147,"date":"2017-05-07T15:39:34","date_gmt":"2017-05-07T12:39:34","guid":{"rendered":"https:\/\/zenkargida.com.tr\/lavasli-tarifler-2\/"},"modified":"2017-06-15T22:07:41","modified_gmt":"2017-06-15T19:07:41","slug":"recipes-with-lavash","status":"publish","type":"page","link":"https:\/\/zenkargida.com.tr\/en\/recipes-with-lavash\/","title":{"rendered":"RECIPES WITH LAVASH"},"content":{"rendered":"<section class=\"l-section wpb_row height_auto\"><div class=\"l-section-h i-cf\"><div class=\"g-cols type_default valign_top\"><div class=\"vc_col-sm-6 wpb_column vc_column_container\"><div class=\"vc_column-inner\"><div class=\"wpb_wrapper\">[vc_empty_space]\r\n\t<div class=\"wpb_text_column \">\r\n\t\t<div class=\"wpb_wrapper\">\r\n\t\t\t<p><span style=\"color: #b22533;\"><strong>Zenkar Chicken Roll with Vegetables <\/strong><\/span><\/p>\n<p><strong>Ingredients:<\/strong><br \/>\n\u2022 Zenkar Lavash<br \/>\n\u2022 3 pieces of chicken drumstick without bones<br \/>\n\u2022 1 tablespoon full of soy sauce<br \/>\n\u2022 3 tablespoon full of olive oil<br \/>\n\u2022 Rosemary<br \/>\n\u2022 Salt<br \/>\n\u2022 Black pepper<\/p>\n<p><strong>For the vegetable saut\u00e9:<\/strong><br \/>\n\u2022 1 medium size zucchini<br \/>\n\u2022 1 medium size carrot<br \/>\n\u2022 1 meaty cayenne pepper<br \/>\n\u2022 2 sweet green pepper or 1 banana pepper<br \/>\n\u2022 1 medium size onion<br \/>\n\u2022 1 clove of garlic<br \/>\n\u2022 4 tablespoon of olive oil<br \/>\n\u2022 1 tablespoon of vinegar<br \/>\n\u2022 Salt<br \/>\n<strong>Preparation:<\/strong><br \/>\nDivide the zucchini into four pieces of the vegetable saut\u00e9. Remove the seeds with the help of your knife and julienne them as seen in the picture. Peel the carrot and chop it in the same size with zucchini pieces. Remove the seeds of cayenne and green peppers and chop them just like the carrots. Cut the onion in half and chop it thinly in shapes of half moon. Add the onion and carrots to the pan. Add the olive oil on them and begin to saut\u00e9. As the onions begin to change color add your vinegar and keep up the saut\u00e9 till they slightly absorb the liquids in the pan. Add the peppers onto the carrots, keep the saut\u00e9 up. When the vegetables get soft, move them from the pan to a dish. Chop the chicken into the size of fingers. Mix them well with the salt, rosemary and black pepper and put them in the pan with the olive oil. Cook it by mixing in the medium setting for the fire till they begin to change color and get roasted. Add the soy sauce and keep the saut\u00e9 up for 3 more minutes. Take the Zenkar lavash to the midst of your countertop and spread about 1\/3rd of your saut\u00e9. Add 1\/3rd of your chicken on top of them. Bend a finger-width of the ends of it inwards and roll the Zenkar lavash over. Cut the roll in two from its mid-section and place them into the service dish. Do the same with other rolls as well, and serve with either salad or fried potatoes. Bon appetite! <\/p>\n\r\n\t\t<\/div>\r\n\t<\/div>\r\n<\/div><\/div><\/div><div class=\"vc_col-sm-6 wpb_column vc_column_container\"><div class=\"vc_column-inner\"><div class=\"wpb_wrapper\">[vc_empty_space]\r\n\t<div class=\"wpb_text_column \">\r\n\t\t<div class=\"wpb_wrapper\">\r\n\t\t\t<p><strong><span style=\"color: #b22533;\">Zenkar Quesadilla<\/span><\/strong><\/p>\n<p><strong>Ingredients:<\/strong><br \/>\n\u2022 500 gr. veal sirloin or chicken breast.<br \/>\n\u2022 4 Zenkar lavash<br \/>\n\u2022 1 small coffee cup of chopped pickled jalapeno pepper<br \/>\n\u2022 1 yellow, 1 red, 1 orange California pepper, or 3 large capia pepper<br \/>\n\u2022 2 zucchinis<br \/>\n\u2022 2 carrots<br \/>\n\u2022 2-3 water glass full of grinded kasseri cheese or 20-24 (rectangle) sliced toast cheese<br \/>\n\u2022 Salt<br \/>\n\u2022 Cajun spice (or black pepper)<br \/>\n\u2022 1 tablespoon full of olive oil<br \/>\n\u2022 1 tablespoon full of allspice (for chicken) or cinnamon (for the red meat)<\/p>\n<p><strong>Preparation:<\/strong><br \/>\nChop the carrots, peppers, and zucchinis in the size of 3 mm x 20 mm. Add 1 tablespoon of olive oil to a pan and introduce the carrots first, and peppers and zucchinis after a couple of minutes. Cook them in high flames, continuously mixing. Try not to overcook them. Cut the chicken or the red meat in very small pieces (around 1 cm x 2 cm x 0.5 cm). Cook them in a pan without oil in high flames till they roast. For all of the ingredients, add salt just before they are done, and cinnamon or allspice according to your choice of meat. If you lack Cajun spice, add dark pepper during cooking. If you have Cajun spice, add it after turning the stove off.<\/p>\n<p>Mix all the ingredients and divide into four equal parts. Put one of such parts inside 1 piece of Zenkar lavash, covering half of it. Add the small chunks of jalapeno pepper over them, and grinded or rectangular pieces of cheese on top. Cut your quesadilla in 4 pieces with your knife, holding it tightly, as seen in the picture. Place a piece of jalapeno over each piece as decoration, and repeat the process for all other ingredients. Place them into the oven which was preheated to 180 0C and cook them till they get roasted on top, which should take 5 minutes. Serve directly fresh from the over. Bon appetite!<\/p>\n\r\n\t\t<\/div>\r\n\t<\/div>\r\n<\/div><\/div><\/div><\/div><\/div><\/section><section class=\"l-section wpb_row height_auto\"><div class=\"l-section-h i-cf\"><div class=\"g-cols type_default valign_top\"><div class=\"vc_col-sm-12 wpb_column vc_column_container\"><div class=\"vc_column-inner\"><div class=\"wpb_wrapper\"><div class=\"w-separator type_default size_medium thick_1 style_dotted color_border cont_icon\"><span class=\"w-separator-h\"><i class=\"fa fa-cutlery\"><\/i><\/span><\/div><\/div><\/div><\/div><\/div><\/div><\/section><section class=\"l-section wpb_row height_auto\"><div class=\"l-section-h i-cf\"><div class=\"g-cols type_default valign_top\"><div class=\"vc_col-sm-6 wpb_column vc_column_container\"><div class=\"vc_column-inner\"><div class=\"wpb_wrapper\">\r\n\t<div class=\"wpb_text_column \">\r\n\t\t<div class=\"wpb_wrapper\">\r\n\t\t\t<p><strong><span style=\"color: #b22533;\">Zenkar Lavash Mince Pie with Cheese<\/span><\/strong><\/p>\n<p><strong>Ingredients:<\/strong><br \/>\n\u2022 5 Zenkar lavash<br \/>\n\u2022 2 tablespoon full of butter<br \/>\n\u2022 100 gr. kasseri cheese<br \/>\n\u2022 1 cup of curd cheese<br \/>\n\u2022 1 cup of bryndza<br \/>\n\u2022 1 cluster of parsley<\/p>\n<p><strong>Preparation:<\/strong><br \/>\nGrind the kasseri cheese and place it into the mixing cup. Chop the curd cheese, bryndza and parsley thinly and mix it with kasseri cheese. Rub some butter to a rather large pan. Place the Zenkar lavash on this pan by adding some of our cheese mixture paste in between them. Apply the melted butter on top of them generously. Place it on your stove for around 20 minutes till it absorbs the butter completely. Cook in low flames setting and serve, Bon appetite!<\/p>\n\r\n\t\t<\/div>\r\n\t<\/div>\r\n<\/div><\/div><\/div><div class=\"vc_col-sm-6 wpb_column vc_column_container\"><div class=\"vc_column-inner\"><div class=\"wpb_wrapper\">\r\n\t<div class=\"wpb_text_column \">\r\n\t\t<div class=\"wpb_wrapper\">\r\n\t\t\t<p><span style=\"color: #b22533;\"><strong>Beyti Kabab with Zenkar Lavash<\/strong><\/span><\/p>\n<p><strong>Ingredients:<\/strong><br \/>\n\u2022 4-5 Zenkar lavash<br \/>\n\u2022 1 egg<\/p>\n<p><strong>Filling ingredients:<\/strong><br \/>\n\u2022 500-600 gr. ground meat<br \/>\n\u2022 1 large onion<br \/>\n\u2022 1 tablespoon full of tomato paste<br \/>\n\u2022 2 tablespoon full of oil<br \/>\n\u2022 Sea salt<br \/>\n\u2022 Black pepper<\/p>\n<p>Ingredients for the tomato paste sauce<br \/>\n\u2022 2 tablespoons full of butter<br \/>\n\u2022 2 tablespoons of oil<br \/>\n\u2022 1-2 tablespoons of tomato paste<br \/>\n\u2022 Sea salt<br \/>\n\u2022 Boiling water<\/p>\n<p><strong>While serving:<\/strong><br \/>\n\u2022 Strained yoghurt<br \/>\n\u2022 Roasted tomatoes and green peppers<\/p>\n<p><strong>Preparation:<\/strong><br \/>\nFry very thinly chopped onions in 2 tablespoons of oil for 1-2 minutes. Add ground meat and keep frying till the meat absorbs some of the liquids in the pan. Add the tomato paste finally, and keep frying all of the ingredients in the pan till the tomato paste loses its odor. Add salt and dark pepper, leave for cooling. Place your Zenkar lavashes on your countertop in a row. Mix one egg, rub it over the lavishes with a brush (so that ground meat can stick to the Zenkar lavash). Apply the ground meat paste you have prepared into the lavashes (thinly). Roll them all, cut diagonally with 2 finger-widths, place them in a row inside a tray, over an oily paper. Cook them in the over in 180 0C (350 F) for 10 \u2013 15 minutes (try to prevent lavashes from getting very dry). As they are cooking, roast your tomatoes and peppers either in barbecue or a Teflon pan with some olive oil. Meanwhile, add 2 tablespoons of butter and 2 tablespoons of oil to a small pan and fry 1-2 tablespoons of tomato paste in it. Add a small amount of boiling water on top to get the temper you like. Place the strained yogurt in the middle of your service dish, place the beyti\u2019s and roasted vegetables around it in a row, add tomato paste sauce on top of them and serve hot. Bon appetite!<\/p>\n\r\n\t\t<\/div>\r\n\t<\/div>\r\n<\/div><\/div><\/div><\/div><\/div><\/section><section class=\"l-section wpb_row height_medium\"><div class=\"l-section-h i-cf\"><div class=\"g-cols type_default valign_top\"><div class=\"vc_col-sm-12 wpb_column vc_column_container\"><div class=\"vc_column-inner\"><div class=\"wpb_wrapper\"><div class=\"w-image align_center style_simple\"><div class=\"us-frame\"><img loading=\"lazy\" decoding=\"async\" width=\"769\" height=\"291\" src=\"https:\/\/zenkargida.com.tr\/wp-content\/uploads\/2017\/05\/afiyetolsunENG.gif\" class=\"attachment-large size-large\" alt=\"\" \/><\/div><\/div>[vc_empty_space]<\/div><\/div><\/div><\/div><\/div><\/section>\n","protected":false},"excerpt":{"rendered":"Zenkar Food Ind. &amp; Ltd. Co., which had its foundations cast by Zengi Brothers in 2001 as Karde\u015fler Lavash, has stepped into food and retail sectors. Zenkar G\u0131da has specialized...","protected":false},"author":1,"featured_media":0,"parent":0,"menu_order":0,"comment_status":"closed","ping_status":"closed","template":"","meta":{"footnotes":""},"class_list":["post-6147","page","type-page","status-publish","hentry"],"_links":{"self":[{"href":"https:\/\/zenkargida.com.tr\/en\/wp-json\/wp\/v2\/pages\/6147","targetHints":{"allow":["GET"]}}],"collection":[{"href":"https:\/\/zenkargida.com.tr\/en\/wp-json\/wp\/v2\/pages"}],"about":[{"href":"https:\/\/zenkargida.com.tr\/en\/wp-json\/wp\/v2\/types\/page"}],"author":[{"embeddable":true,"href":"https:\/\/zenkargida.com.tr\/en\/wp-json\/wp\/v2\/users\/1"}],"replies":[{"embeddable":true,"href":"https:\/\/zenkargida.com.tr\/en\/wp-json\/wp\/v2\/comments?post=6147"}],"version-history":[{"count":3,"href":"https:\/\/zenkargida.com.tr\/en\/wp-json\/wp\/v2\/pages\/6147\/revisions"}],"predecessor-version":[{"id":6188,"href":"https:\/\/zenkargida.com.tr\/en\/wp-json\/wp\/v2\/pages\/6147\/revisions\/6188"}],"wp:attachment":[{"href":"https:\/\/zenkargida.com.tr\/en\/wp-json\/wp\/v2\/media?parent=6147"}],"curies":[{"name":"wp","href":"https:\/\/api.w.org\/{rel}","templated":true}]}}